{"id":78,"date":"2025-12-17T16:42:05","date_gmt":"2025-12-17T16:42:05","guid":{"rendered":"https:\/\/vikarah.si\/?page_id=78"},"modified":"2026-01-06T17:38:32","modified_gmt":"2026-01-06T17:38:32","slug":"reiki-3","status":"publish","type":"page","link":"https:\/\/vikarah.si\/index.php\/reiki-3\/","title":{"rendered":"Reiki"},"content":{"rendered":"<div class=\"\" style=\"\" >\n    \n    <section class=\"u-align-center u-clearfix u-container-align-center u-container-align-center-lg u-container-align-center-xl u-gradient u-section-2\" id=\"block-6\">\n      <div class=\"u-clearfix u-sheet u-valign-middle-lg u-valign-middle-sm u-sheet-1\">\n        <img decoding=\"async\" class=\"u-align-left u-image u-image-circle u-image-contain u-image-1\" src=\"https:\/\/vikarah.si\/wp-content\/uploads\/2025\/12\/Reiki-2.svg.png\" alt=\"\" data-image-width=\"500\" data-image-height=\"1000\">\n        <h2 class=\"u-align-center u-custom-font u-font-playfair-display u-text u-text-1\"><span style=\"font-style: italic;\"><i>\u201cMir ni odsotnost viharja, temve\u010d ti\u0161ina v njegovem sredi\u0161\u010du.\u201d<\/i><\/span>\n          <br>\n          <br>\n          <br>\n        <\/h2>\n        <img decoding=\"async\" class=\"u-align-right u-image u-image-circle u-preserve-proportions u-image-2\" src=\"https:\/\/vikarah.si\/wp-content\/uploads\/2025\/12\/flexblockicon_findteacherpractitioner350.jpg\" alt=\"\" data-image-width=\"350\" data-image-height=\"350\">\n        <p class=\"u-align-left u-custom-font u-font-playfair-display u-text u-text-2\">Dobrodo\u0161li v prostoru, kjer se \u010das ustavi in kjer je va\u0161a dobrobit na prvem mestu. <\/p>\n      <\/div>\n    <\/section>\n    <section class=\"u-clearfix u-gradient u-section-3\" id=\"block-2\">\n      <div class=\"u-clearfix u-sheet u-valign-middle-lg u-valign-middle-md u-valign-middle-sm u-valign-middle-xs u-sheet-1\">\n        <h3 class=\"u-custom-font u-font-open-sans u-text u-text-1\"><b>Reiki: Ne\u017ena pot do notranjega\nravnovesja<\/b>\n        <\/h3>\n        <p class=\"u-align-justify u-custom-font u-font-open-sans u-text u-text-2\"> Reiki je <b>starodavna japonska metoda\nnaravnega zdravljenja<\/b>, ki temelji na prenosu univerzalne \u017eivljenjske\nenergije. Njene temelje je v za\u010detku 20. stoletja postavil Mikao Usui, samo ime\npa izhaja iz dveh japonskih pismenk: <b>Rei<\/b> (univerzalno) in <b>Ki<\/b> (\u017eivljenjska energija).&nbsp;<br>\n          <br>Gre za popolnoma naraven in varen proces,\npri katerem kot terapevtka s polaganjem rok delujem kot <b>prevodnik te \u010diste\nenergije<\/b>. Moja vloga je, da podprem va\u0161e telo pri aktivaciji njegovih\nlastnih samozdravilnih procesov.\n        <\/p>\n        <h3 class=\"u-custom-font u-font-open-sans u-text u-text-3\"><b><b>Kako deluje Reiki?<\/b>&nbsp;&nbsp; <\/b>\n        <\/h3>\n        <p class=\"u-align-justify u-custom-font u-font-open-sans u-text u-text-4\"> Reiki deluje na principu <b>energetskega\nuravnote\u017eenja<\/b>. Ko smo pod stresom ali v stiski, se pretok na\u0161e \u017eivljenjske\nenergije upo\u010dasni ali blokira, kar ob\u010dutimo kot utrujenost, nemir ali celo\ntelesno bole\u010dino.&nbsp;<br>\n          <br><span style=\"font-weight: 700;\">1.&nbsp;<\/span>&nbsp;<b>Vzpostavljanje\nenergetskega pretoka:<\/b> Med tretmajem se ta energija usmeri v dele telesa,\nkjer so prisotni zastoji. Reiki te blokade ne\u017eno raztaplja in omogo\u010da, da va\u0161a\n\u017eivljenjska energija (Ki) ponovno prosto ste\u010de skozi meridiane in energetske\ncentre (\u010dakre).&nbsp;<br>\n          <br><span style=\"font-weight: 700;\">2.&nbsp;&nbsp;<\/span><b>Aktivacija\nparasimpati\u010dnega \u017eiv\u010dnega sistema:<\/b> Na fizi\u010dni ravni Reiki deluje tako, da\ntelo prestavi iz stanja \"boj ali beg\" (stres) v stanje globoke\nsprostitve. V tem stanju se vklopi parasimpati\u010dni \u017eiv\u010dni sistem, ki je\nodgovoren za obnovo celic, bolj\u0161o prebavo in krepitev imunskega sistema. Telo\nse kon\u010dno lahko za\u010dne celiti samo.&nbsp;<br>\n          <br><span style=\"font-weight: 700;\">3.&nbsp;&nbsp;<\/span><b>Delovanje na vzrok,\nne le na simptom<\/b> Energija Reikija je <b>intuitivna<\/b> \u2013 vedno te\u010de tja,\nkjer jo v tistem trenutku najbolj potrebujete. Ne naslavlja le fizi\u010dne\nbole\u010dine, temve\u010d prodre globoko do \u010dustvenih in mentalnih vzrokov va\u0161ih te\u017eav.\nPomaga vam \"spustiti\" tisto, \u010desar ne potrebujete ve\u010d, pa naj bo to\nstara zamere, nakopi\u010den stres ali omejujo\u010da misel.<br>&nbsp;<br><span style=\"font-weight: 700;\">4.&nbsp;&nbsp;<\/span><b>Pove\u010danje\nnotranje kapacitete<\/b> Redni tretmaji dvigujejo va\u0161o splo\u0161no vibracijo. To\npomeni, da postanete bolj odporni na zunanje vplive, imate ve\u010d jasnosti pri\nsprejemanju odlo\u010ditev in ve\u010d energije za vsakodnevne opravke.\n        <\/p>\n        <div class=\"u-border-1 u-border-grey-60 u-line u-line-horizontal u-line-1\"><\/div>\n        <h3 class=\"u-custom-font u-font-open-sans u-text u-text-5\"><b><b><\/b><\/b><b>Komu\nje tretma namenjen?<\/b><b>&nbsp; <\/b>\n        <\/h3>\n        <p class=\"u-align-left u-custom-font u-font-open-sans u-text u-text-6\">Reiki je primeren za vsakogar. Vse, ki i\u0161\u010dete le uro globokega po\u010ditka, in tistie, ki se soo\u010date s specifi\u010dnimi\nizzivi:<\/p>\n        <ul class=\"u-align-justify u-custom-font u-font-open-sans u-text u-text-7\">\n          <li>\u010ce ste pogosto pod <b style=\"font-size: 1.125rem;\">stresom<\/b><span style=\"font-size: 1.125rem;\"> ali se po\u010dutite izgorele.<\/span>\n          <\/li>\n          <li> \u010ce imate te\u017eave s <b>spanjem<\/b> ali ste nenehno utrujeni.\n          <\/li>\n          <li> \u010ce si \u017eelite hitrej\u0161ega okrevanja po bolezni ali po\u0161kodbi.<\/li>\n          <li> \u010ce i\u0161\u010dete podporo pri <b>osebni rasti<\/b> in duhovnem\n     raziskovanju.\n          <\/li>\n          <li> \u010ce preprosto potrebujete trenutek, ko se \u010das ustavi in se\n     posvetite samo sebi.<\/li>\n        <\/ul>\n        <div class=\"u-border-1 u-border-grey-60 u-line u-line-horizontal u-line-2\"><\/div>\n        <h3 class=\"u-custom-font u-font-open-sans u-text u-text-8\"><b><b><\/b><\/b><b><b>Kako poteka tretma?<\/b>&nbsp;&nbsp;<\/b>\n        <\/h3>\n        <p class=\"u-align-justify u-custom-font u-font-open-sans u-text u-text-9\">Tik pred pri\u010detkom se pogovoriva o \u017eelji, s katero ste pri\u0161li na tretma in jo skupaj oblikujeva v pozitivno in jasno namero. Tretma se izvaja v mirnem okolju, kjer\nudobno le\u017eite na terapevtski mizi (popolnoma oble\u010deni). Z ne\u017enim polaganjem rok\nna razli\u010dne dele telesa ali tik nad njim usmerjam energijo tja, kjer jo\nva\u0161e telo najbolj potrebuje. Ve\u010dina ljudi med tretmajem ob\u010duti prijetno\ntoploto, mravljince ali globok mir, marsikdo pa v varni energiji tretmaja tudi\nzaspi.<br>\n          <br>Tretma traja 1 uro in poteka&nbsp;poteka&nbsp;v \u017eivo v Kopru ali na daljavo.\n        <\/p>\n        <div class=\"u-border-1 u-border-grey-60 u-line u-line-horizontal u-line-3\"><\/div>\n      <\/div>\n    <\/section>\n    <section class=\"u-clearfix u-gradient u-section-4\" id=\"block-3\">\n      <div class=\"u-clearfix u-sheet u-valign-middle-lg u-valign-middle-sm u-valign-middle-xs u-sheet-1\">\n        <h3 class=\"u-custom-font u-font-open-sans u-text u-text-1\"><b><b><\/b><\/b><b><b><\/b><\/b><b>Zakaj izbrati Reiki pri meni?<\/b>&nbsp;\n        <\/h3>\n        <p class=\"u-align-justify u-custom-font u-font-open-sans u-text u-text-2\"> Nudim vam individualne\nReiki tretmaje, ki temeljijo na mojem poglobljenem znanju vseh stopenj <b>Usui\nReikija<\/b> (mojstrica in u\u010diteljica) ter sistemov <b>Kundalini<\/b> in <b>Green\nTara<\/b>. Moje delo je usmerjeno v nudenje celostne energetske podpore, ki vam\npomaga sprostiti nakopi\u010den stres in energetske zastoje.&nbsp;<br>\n          <br>Vsak tretma vodim s\nprisotnostjo in spo\u0161tovanjem do va\u0161ega edinstvenega procesa. Moje vodilo je\nustvariti varen in miren prostor, kjer se lahko popolnoma predate sprostitvi. S\ntem va\u0161emu telesu omogo\u010diva, da aktivira svoje samozdravilne mo\u010di in se vrne v\nsvoje naravno stanje harmonije.&nbsp;<br>\n          <br>\n        <\/p>\n        <div data-interval=\"5000\" data-u-ride=\"carousel\" class=\"custom-expanded u-border-2 u-border-grey-60 u-carousel u-slider u-slider-1\" id=\"carousel-e379\">\n          <ol class=\"u-absolute-hcenter u-carousel-indicators u-carousel-indicators-1\">\n            <li data-u-target=\"#carousel-e379\" class=\"u-active u-active-grey-10 u-grey-30 u-shape-circle\" data-u-slide-to=\"0\" style=\"width: 10px; height: 10px;\"><\/li>\n            <li data-u-target=\"#carousel-e379\" class=\"u-active-grey-10 u-grey-30 u-shape-circle\" data-u-slide-to=\"1\" style=\"width: 10px; height: 10px;\"><\/li>\n            <li data-u-target=\"#carousel-e379\" class=\"u-active-grey-10 u-grey-30 u-shape-circle\" data-u-slide-to=\"2\" style=\"width: 10px; height: 10px;\"><\/li>\n            <li data-u-target=\"#carousel-e379\" class=\"u-active-grey-10 u-grey-30 u-shape-circle\" data-u-slide-to=\"3\" style=\"width: 10px; height: 10px;\"><\/li>\n            <li data-u-target=\"#carousel-e379\" class=\"u-active-grey-10 u-grey-30 u-shape-circle\" data-u-slide-to=\"4\" style=\"width: 10px; height: 10px;\"><\/li>\n            <li data-u-target=\"#carousel-e379\" class=\"u-active-grey-10 u-grey-30 u-shape-circle\" data-u-slide-to=\"5\" style=\"width: 10px; height: 10px;\"><\/li>\n          <\/ol>\n          <div class=\"u-carousel-inner\" role=\"listbox\">\n            <div class=\"u-active u-carousel-item u-container-style u-slide u-carousel-item-1\">\n              <div class=\"u-container-layout u-container-layout-1\">\n                <img decoding=\"async\" class=\"u-align-center u-border-2 u-border-grey-60 u-image u-image-default u-image-1\" src=\"https:\/\/vikarah.si\/wp-content\/uploads\/2025\/12\/531661651_122107966748964748_7010328410182848616_n-scaled.jpg\" alt=\"\" data-image-width=\"2560\" data-image-height=\"1152\">\n              <\/div>\n              <style data-mode=\"XL\" data-visited=\"true\">.u-block-null-35 {\n  margin-top: 0;\n  margin-bottom: 0;\n}\n.u-block-null-36 {\n  padding-top: 0;\n  padding-bottom: 0;\n  padding-left: 0;\n  padding-right: 0;\n}\n.u-block-null-37 {\n  width: 570px;\n  height: 257px;\n  margin-top: -10px;\n  margin-right: auto;\n  margin-bottom: -48px;\n  margin-left: -87px;\n}<\/style>\n              <style data-mode=\"LG\">@media (max-width: 1199px) {\n  .u-block-null-35 {\n    margin-top: 0;\n    margin-bottom: 0;\n  }\n  .u-block-null-36 {\n    padding-top: 0;\n    padding-bottom: 0;\n    padding-left: 0;\n    padding-right: 0;\n  }\n  .u-block-null-37 {\n    width: 570px;\n    height: 257px;\n    margin-top: -10px;\n    margin-right: auto;\n    margin-bottom: -48px;\n    margin-left: -87px;\n  }\n}<\/style>\n              <style data-mode=\"MD\">@media (max-width: 991px) {\n  .u-block-null-35 {\n    margin-top: 0;\n    margin-bottom: 0;\n  }\n  .u-block-null-36 {\n    padding-top: 0;\n    padding-bottom: 0;\n    padding-left: 0;\n    padding-right: 0;\n  }\n  .u-block-null-37 {\n    width: 570px;\n    height: 257px;\n    margin-top: -10px;\n    margin-right: auto;\n    margin-bottom: -48px;\n    margin-left: -87px;\n  }\n}<\/style>\n              <style data-mode=\"SM\">@media (max-width: 767px) {\n  .u-block-null-35 {\n    margin-top: 0;\n    margin-bottom: 0;\n  }\n  .u-block-null-36 {\n    padding-top: 0;\n    padding-bottom: 0;\n    padding-left: 0;\n    padding-right: 0;\n  }\n  .u-block-null-37 {\n    width: 570px;\n    height: 257px;\n    margin-top: -10px;\n    margin-right: auto;\n    margin-bottom: -48px;\n    margin-left: -87px;\n  }\n}<\/style>\n              <style data-mode=\"XS\" data-visited=\"true\">@media (max-width: 575px) {\n  .u-block-null-35 {\n    margin-top: 0;\n    margin-bottom: 0;\n  }\n  .u-block-null-36 {\n    padding-top: 0;\n    padding-bottom: 0;\n    padding-left: 0;\n    padding-right: 0;\n  }\n  .u-block-null-37 {\n    width: 340px;\n    height: 153px;\n    margin-top: -10px;\n    margin-right: auto;\n    margin-bottom: -48px;\n    margin-left: 0;\n  }\n}<\/style>\n            <\/div>\n            <div class=\"u-carousel-item u-container-style u-image u-slide u-image-2\" data-image-width=\"1024\" data-image-height=\"724\" style=\"background-image: url(&quot;https:\/\/vikarah.si\/wp-content\/uploads\/2026\/01\/1767691086397-30211761-d3fb-425a-9b55-0f175dbcc59f_1-1-rotated.jpg&quot;);\">\n              <div class=\"u-container-layout u-valign-top u-container-layout-2\"><\/div>\n            <\/div>\n            <div class=\"u-carousel-item u-container-style u-image u-slide u-image-3\" data-image-width=\"1024\" data-image-height=\"724\" style=\"background-image: url(&quot;https:\/\/vikarah.si\/wp-content\/uploads\/2026\/01\/1767691143294-648dc667-fb28-4b95-9ad7-3bee112e89fd_1-1-rotated.jpg&quot;);\">\n              <div class=\"u-container-layout u-valign-bottom-lg u-valign-bottom-md u-valign-bottom-sm u-valign-bottom-xs u-container-layout-3\"><\/div>\n            <\/div>\n            <div class=\"u-carousel-item u-container-style u-image u-slide u-image-4\" data-image-width=\"1024\" data-image-height=\"724\" style=\"background-image: url(&quot;https:\/\/vikarah.si\/wp-content\/uploads\/2026\/01\/1767691266643-e0b92edf-91bf-43cd-b3ad-3bf9a278d419_1-1-rotated.jpg&quot;);\">\n              <div class=\"u-container-layout u-container-layout-4\"><\/div>\n            <\/div>\n            <div class=\"u-carousel-item u-container-style u-image u-slide u-image-5\" data-image-width=\"2000\" data-image-height=\"1414\" style=\"background-image: url(&quot;https:\/\/vikarah.si\/wp-content\/uploads\/2026\/01\/SKM_C224e25122209080.pdf-1-rotated.jpg&quot;);\">\n              <div class=\"u-container-layout u-container-layout-5\"><\/div>\n            <\/div>\n            <div class=\"u-carousel-item u-container-style u-image u-slide u-image-6\" data-image-width=\"2000\" data-image-height=\"1414\" style=\"background-image: url(&quot;https:\/\/vikarah.si\/wp-content\/uploads\/2026\/01\/SKM_C224e25122209081.pdf-1-rotated.jpg&quot;);\">\n              <div class=\"u-container-layout u-container-layout-6\"><\/div>\n            <\/div>\n          <\/div>\n          <a class=\"u-absolute-vcenter u-carousel-control u-carousel-control-prev u-spacing-5 u-text-grey-30 u-carousel-control-1\" href=\"#carousel-e379\" role=\"button\" data-u-slide=\"prev\"><span aria-hidden=\"true\">\n              <svg viewBox=\"0 0 477.175 477.175\"><path d=\"M145.188,238.575l215.5-215.5c5.3-5.3,5.3-13.8,0-19.1s-13.8-5.3-19.1,0l-225.1,225.1c-5.3,5.3-5.3,13.8,0,19.1l225.1,225\n                    c2.6,2.6,6.1,4,9.5,4s6.9-1.3,9.5-4c5.3-5.3,5.3-13.8,0-19.1L145.188,238.575z\"><\/path><\/svg><\/span><span class=\"sr-only\">Previous<\/span>\n          <\/a>\n          <a class=\"u-absolute-vcenter u-carousel-control u-carousel-control-next u-spacing-5 u-text-grey-30 u-carousel-control-2\" href=\"#carousel-e379\" role=\"button\" data-u-slide=\"next\"><span aria-hidden=\"true\">\n              <svg viewBox=\"0 0 477.175 477.175\"><path d=\"M360.731,229.075l-225.1-225.1c-5.3-5.3-13.8-5.3-19.1,0s-5.3,13.8,0,19.1l215.5,215.5l-215.5,215.5\n                    c-5.3,5.3-5.3,13.8,0,19.1c2.6,2.6,6.1,4,9.5,4c3.4,0,6.9-1.3,9.5-4l225.1-225.1C365.931,242.875,365.931,234.275,360.731,229.075z\"><\/path><\/svg><\/span><span class=\"sr-only\">Next<\/span>\n          <\/a>\n        <\/div>\n        <p class=\"u-align-justify u-custom-font u-font-open-sans u-text u-text-3\"><b>Vas kli\u010de notranji\nmir? <\/b>Ker verjamem, da se vsaka\npot do spremembe za\u010dne z zaupanjem, vas toplo vabim, da stopite v stik z mano.\nTukaj sem, da prisluhnem va\u0161im potrebam in skupaj najdeva, kako vas lahko\npodprem. \n        <\/p>\n        <a href=\"https:\/\/vikarah.si\/index.php\/kontakt\/\" class=\"u-border-none u-btn u-btn-round u-button-style u-grey-10 u-hover-palette-1-light-1 u-radius u-btn-1\">stopite v stik<\/a>\n      <\/div>\n    <\/section>\n    \n    \n    \n    \n  \n<\/div>","protected":false},"excerpt":{"rendered":"<p>\u201cMir ni odsotnost viharja, temve\u010d ti\u0161ina v njegovem sredi\u0161\u010du.\u201d Dobrodo\u0161li v prostoru, kjer se \u010das ustavi in kjer je va\u0161a dobrobit na prvem mestu. Reiki: Ne\u017ena pot do notranjega ravnovesja Reiki je starodavna japonska metoda naravnega zdravljenja, ki temelji na prenosu univerzalne \u017eivljenjske energije. Njene temelje je v za\u010detku 20. stoletja postavil Mikao Usui, samo [&hellip;]<\/p>\n","protected":false},"author":1,"featured_media":0,"parent":0,"menu_order":0,"comment_status":"closed","ping_status":"closed","template":"","meta":{"footnotes":""},"class_list":["post-78","page","type-page","status-publish","hentry"],"_links":{"self":[{"href":"https:\/\/vikarah.si\/index.php\/wp-json\/wp\/v2\/pages\/78","targetHints":{"allow":["GET"]}}],"collection":[{"href":"https:\/\/vikarah.si\/index.php\/wp-json\/wp\/v2\/pages"}],"about":[{"href":"https:\/\/vikarah.si\/index.php\/wp-json\/wp\/v2\/types\/page"}],"author":[{"embeddable":true,"href":"https:\/\/vikarah.si\/index.php\/wp-json\/wp\/v2\/users\/1"}],"replies":[{"embeddable":true,"href":"https:\/\/vikarah.si\/index.php\/wp-json\/wp\/v2\/comments?post=78"}],"version-history":[{"count":11,"href":"https:\/\/vikarah.si\/index.php\/wp-json\/wp\/v2\/pages\/78\/revisions"}],"predecessor-version":[{"id":264,"href":"https:\/\/vikarah.si\/index.php\/wp-json\/wp\/v2\/pages\/78\/revisions\/264"}],"wp:attachment":[{"href":"https:\/\/vikarah.si\/index.php\/wp-json\/wp\/v2\/media?parent=78"}],"curies":[{"name":"wp","href":"https:\/\/api.w.org\/{rel}","templated":true}]}}