{"id":76,"date":"2025-12-17T16:41:58","date_gmt":"2025-12-17T16:41:58","guid":{"rendered":"https:\/\/vikarah.si\/?page_id=76"},"modified":"2025-12-21T07:57:09","modified_gmt":"2025-12-21T07:57:09","slug":"kontakt","status":"publish","type":"page","link":"https:\/\/vikarah.si\/index.php\/kontakt\/","title":{"rendered":"Kontakt"},"content":{"rendered":"<div class=\"\" style=\"\" >\n    \n    <section class=\"u-align-center u-clearfix u-container-align-center u-gradient u-section-2\" id=\"block-1\">\n      <div class=\"u-clearfix u-sheet u-valign-middle-lg u-valign-middle-md u-valign-middle-sm u-sheet-1\">\n        <h1 class=\"u-align-center u-custom-font u-font-open-sans u-text u-text-default u-text-1\">Kontakt<\/h1>\n        <p class=\"u-align-center u-custom-font u-font-open-sans u-text u-text-2\"> Za vsa vpra\u0161anja in informacije me lahko kontaktirate preko telefona ali mi pi\u0161ete na e-naslov.<\/p>\n        <div class=\"u-align-center u-border-1 u-border-grey-60 u-line u-line-horizontal u-line-1\"><\/div>\n        <div class=\"u-align-center u-expanded-width-xs u-list u-list-1\">\n          <div class=\"u-repeater u-repeater-1\">\n            <div class=\"u-container-style u-list-item u-repeater-item\">\n              <div class=\"u-container-layout u-similar-container u-valign-bottom-lg u-valign-bottom-md u-valign-bottom-sm u-valign-bottom-xl u-container-layout-1\">\n                <p class=\"u-custom-font u-font-open-sans u-text u-text-3\"> Tomin\u010deva ulica 1<br>6000 Koper - Capodistria\n                <\/p><span class=\"u-align-left u-file-icon u-icon u-icon-circle u-palette-1-base u-text-white u-icon-1\" data-animation-name=\"customAnimationIn\" data-animation-duration=\"2000\"><img decoding=\"async\" src=\"data:image\/png;base64,iVBORw0KGgoAAAANSUhEUgAAAIAAAACACAYAAADDPmHLAAAQAElEQVR4AeydC7x1RVXA7wcVaGpopJWgJSYmZb4wFQSFSExJwcAQBUOIJBRQlIcPSPABiTzkkSaW2A9TM0isKAlD8ZFpD4Ue9sAiCSxRFE3U+vr\/793nfufcu2f2a\/bZsw\/3\/ta6s8+eNWvWrFl7z2vN7K2WNv7u0hrYMIC7dPUvLS28AWzevPl+4AHg6eBl4CfBz4O3gd8q0GvvGSfNa7i\/P3jfRbePhTMAKm0T+HjwHPAfqMBbwPeBrwQPBncFHwjeG\/zuAr32nnHSvIr7vw\/eKg\/wbPBx4CbuLRQsjAFQOduDp1A7N4IfA48Ddwa7gjxeApOPgzeSx8ng93O9EDB6A6AydgDfQm38O\/ha0CeZoBeQ9+vgfBN5Xgz+MNejhtEaAMq\/J3gG2v9H8JfBu4HzAvP6FTL7HDLYX7gH16OEURoASt8dbf81+Arw7uBQ8L1kbH\/hemTai+vRwETQURkASt4GPB\/hPwzuBOYCNg1XI9u54PfkIlQdOUZjACjWjtefUKgXgTn2xpXpWGT7ELLej3AUMAoDQKG7oM1Pg3uCucMTEPATyPwwwuwhewNAkQ9Fi1eDvmYJRgE\/gpS+CTRcLvOFrA2Ayvcpuhb1\/SA4NnAW0X6BBpyt7NkaAJVvm38lmlORBKMEDfcqyvIDuUqfpQGgMKdo34vSHgSOHWy63kWZvivHgmRpACjK2bYnE\/YBX4WpU8WXEl4MvhW8Avws+G2wD9gbpqeDg8NaAbIzAJ6Un0bI48GUcBvMzgUfB95n06ZNu4GHgUeDR4H7gw8n7l7gz4IXgl8BU8IJlO0xKRmm4JWVAaCgbSjUJeDWYAr4H5i8AdyJCj4e\/Avwf\/ldCsR9E\/wgeAwE9wdPAL8EpgCbgEsoY1YTRVkZAFo+Gkw1dHL1bmcq82Sw8dNMmm+AZyOPI5HLCVOAb5mjUjBKxSMbA+DJcF79xEQFeyd89qICbyLsBPD4IgyeBZ4KpgCXk4dcv5gpQzYGgFS\/CqaYQr2QSjsU\/Cb8kgC8NoOvgdlJYFf4IRj4piMYHrIwAJ5+5bDd7aoRZwx1BOnKpzQ9RnAmEe8Cu8KxlDlVP6eTLCq+E4NEiZ8Cnx3BLuDr\/iAq6TtdmNRI69P7+Rp0MZIdiHRoSDAs5GIAL0ighldR+V+u4sOT9xDwVNC5eh1B\/4Prj4NngA+pSk8edih1EasirYo\/vIogZXyI1+AGgNL1rnlaSMCa953EseMXJCefe4G6jv09RKeBTwKdpXO45\/yAziU3QPNm0OEo0UH4A2LkQ9Aa9quRT2vmdRMObgAIqnfPtoRd4HU8mf8XYoCityfuQ6CuY7EyO1a3L3INaYJuXkVeb4RfF3AksFsXBinSxpSRgn8dHj9ThyhC49SuT2QpCRWpo4Zvh0eVEpTfdE3\/HeVRq3ffz1XQ6IirA13LXiePKE0OBrBHVMLqyA\/zRDrjF6I8gIh9wabgZpJg00Se\/w3DvwG7wOAOLjkYgDNtXZT4iYrEupBVkASjXxqMWYn4yErQ+n\/XsrfOeJJwUAPg9axfvQswE3nahJ8LJYK\/7biv8xBJ1f0nwmO7CNEXInF1oraDvz4DdWh7oRnUAChRCm8ZX8WwKgX9CfQtKI2scdNOYcz72GniGmyiJCl0EM0gFjm0AaSw\/jsjBXR9IRJdKyr2hrqjFoc4UQodBHOoihjaAO5ZJWCN+Fglp1jKvTUig25rkehaUTEDq8WgC9EiGID9iJAO\/oWIytlBaEJwOxH\/DIYgxeJViocgJF\/l\/aENIPb0VgpfEAT9Bxiq6fyhY2lB2ji4HB7fiqR6cCSubpQd1bq0yemGNoBvJCjREyt4nEV8mwUiK97NpyQPQor9gLE5jGDGqSKGNgAXVrqW5bEMpVxdK+XDE3wDEc79EzSCl5LWJqQ0EXn+OBHBfImrC85k1qVNTje0AaTopFmGwyo0o5exvoEVZMvRTu++gsq\/YPlX+N+h4ahGMf\/ViDoxscpLzLIRO\/f2N0oQINbjNtgjpzL16DmZtHr8\/i1hCJza3Qd6DSZEs8TTb8\/d8wGCNA0iUumgQZZbSIc2AGfxUvjiO1tnBW8pWckVFavH7yOI+knQKWJdxd\/Mtb6Ijyb+keA1\/K4CvY7Ms4quKt63TWyUUZU+GF83YlADQNlWvgc51ZU3RncMT6br+jGa5TjyvR68ANRV\/MWEZ4F\/tRxZ8Y88Hg2JvgMEnUE5kvkutpFmUAMoBHbzZ3HZKdCJ43IqKEXHrFQQeDtk0ycwlW\/\/daUZzfFmDgago0aqIjut+n4qKvlmTHjqwKHfwY+lEhY+nnRCMBzkYAB\/TvHbjNNJVgqP5K4HProJg8vuQOXrym3fIMW4fyKQzZ8nnkx+DxIObgC0ve7bS\/kWUJEe0PBRKu4o0BU977VC0v8iCR05uGeRy2RwLWVPMQ\/SSaDBDaCQ3q3gxWWywPb6N+D2GSrxmaCuYfysBmi3BnXadHuZbX7yJgUpPImUYFjIxQDce+fUax\/acMZO\/p7yeRYVuy84s4jDbytcd\/GDuNZz2EMn9fmrNapoIbQ9\/99tkS55kiwMgFehTh3u0U9ewCmGuoC\/jN9\/DN5CRX8N\/ALoWcK2x07IvJs4PYdjK4yQdIYrKHOXVcqgAE0jsjCAQmifvOJyLoFNhBXt26B285BIst9MxKczm5wMwI6gM4OdC5U5g8\/w9DuiyELMbAwApWxGI+eAiw5OP2dTxmwMoNDIbxPaJhMsJOhF7Kgim8JlZQC8BewdZ\/WEJK6pM4oyJmbbnl1WBlAUwwOa\/rO4XqTg3yjM28GsIDsD4AnR1drTOLJSVAJhTqNsfc11tBYvOwMoSuIw6e+K60UI\/olC\/A7YG7RlnKUB8KTozZtqzb2tblKmezVlSrnglUy2LA3A0qEwZwYHXy9Xlo74l6R\/D5glZGsAhbbcnev8QPFzdIEuX8dgzIZZCp+1AaC4T6K1rMbNyNMELirK0CTNXGmzNoBCE36GZVDX6UKOpoF7Cv2gVNN0c6XP3gB4glwpfPlctZIms5ch++AOH1VFyd4AigJ4Xo+HQBY\/sw\/09cty2LdWc6MwAJ4kO4JHIvzXwdzB\/Y5HFDL3LmvXDEZhABYShXo65xhmCE9EVid+FDt7HI0BFJp8E+GnwFxBn4aLchWuTK5RGQBPlrNpB1OQr4G5gc3TkciY7Zi\/TGGjMgALgILdS+cEkT9zQreZBbeT5yTotCyjMwCFxwhcLNLT15854B8hxNvA0cEoDaDQsieM675d\/BwscMLncIzSkcpgQrTNeLQGgMJ1q\/aQhiHbXPM+BFk0grZ1MGi60RqAWkPx7iz+da8HwtOR4c+GyDtVnqM2gEIJ+g18sLieZ+Bs3+nzzLCPvEZvADyBOo\/YFMzTj9DFqecUefdRL3PjOXoDUFNUhK7kftptHj53GtxzyVMXb7MfNS6EAVgDVIg7eSvPCZK2I55EXn\/akUc2yRfGANQoFeNUcR9bzWUv6qbm10S9XghcKAMoasT5geuL65SBXsrPw8hGOd4PKaIXA9i8efPO4Ik9YfSYFirIdYJnUGAdSQiSgI4dfmHcPQtBhpR3L7CvcpfxdYdzUJ46Eb0YABk7J34goadzpsYPoOTocS0Ywb+S9\/5gik6hC1AHwjO6cxmZ\/CiVh0qkLu8MP8o0\/fuZ\/O4EvRgAylJpDs3c69dJwJLEfmfwChS+Y0nc6i1k0KX8has32l94jmDUGwlZPETKE8RSnH7eRNJDmhCX0fZiAGZEBdhmvtbrHnByHFxU4cjgXryLO+R\/Djyi6an8ZYMkj97OJ4R3CPYhf3URiq+838kAyNwzc2OZ+LpyY0SMpm2cR76+Gxm2rmCgV3GbYdsH4OuRMgTlQN6eLKKRPbacove7lv3ZXXJpbQAU3sq\/ijD4USaeHpsCT\/Luoymw3H7XL\/qWQQbP\/\/kFiGsdBQud4NvLyR4nffwdQqeCPUYuFD+P+52agdYGQMmceXs84SlgEKgAv7Hb5rz+IM81EfaOPdhpze0tP5HBkYHGcuOWu8Grm4l5Kmn8XAyX5YDhH0RMtOzEzwN2RZad22bUxQCeU2T6SgTwAOXiZ2ngip2dstLIBDcvQIYnx\/hQoU4X7wNN7FNvfrzhadBG\/QzI6zHw8TQTmwAuB4dJXTQWpJUBoAA7HhOFexLn27kXPEAZhbpufgTS9fV5FJuh9yJD9Bs+yOHw9OnIof8ewQw4ZHwWNH4zYCZi+gd5eNyc\/QM7f9NRQ14fglytjLGVAVBS2z07IFwug+fyRrdBoVjP4YvSLHNq\/88PRlyJIqLn+COHnVI7TvZPJrlpoLb5VcM9J14c63u03CTtXMKKTHYivtWhlm0NQM9c8pyBk1D+rjN31v\/wFDDX0dfHpLnzUNi8Bzl8K3FZDhjBHxJzNDgBHTqjawjwVFfu9tHYJ+lyClt1Bi1Uo0KgCK2trKJV+juI3zbEEMX7pP0S8dEpVeK7gO18dOwuc2TRsdRevAc3ne+9CjyTeKeYCbKEg9F9sBkOSdzYAGCkpYXaG8\/lPRWaIKB4p2n14gnSJIg4AmUcU4OPsr66ig5ez4fmBDBnuA\/C+U0kgvrQxgBsP2M5vByF7R4jIM4vcvmdAC57g3ORww5fMAOM0Y9JRVf34GFZPHU8yCejCB\/ORuI0MgCU4XDvYRU5yPNt0AZ7ySh+0hQ4Pq9g1zraTuplyOEHoloxIe2PktBj3f0cDZfZwzOQ+fuaSGllNaEv6\/yVpXdiwva1LG75HkbgZk+\/1rX8u6d\/fpf3fSglaIwV+TpstbP4euiuAnN3\/7acjVYIaxsASpS26vWPjlbheNLssfqr\/MJXax+fTfEN81Gy9PNue2BsViQ\/mwHpbgF\/DzwFdHbQ+Y\/7w8WOprzfybXTxtFmBJp5QqNmwEqtK9yeEDZZ8ZL3b2EEjp1Juh5QqorTg0eHi\/UEze5MV\/oO8N4dPA90BrAZpwg1\/G4GrwblfSihH6++N0n8hvG0USgPt7tBi9R7o3ONtFZSK6kWIURtphsfRLqqxRq9a9seAaOSJ0\/6dKXP00V8CSO4HbwOnDYK22KN4ih04DBTOe\/kum+wTmu\/qSWuFAiLcnx5QCVhOYEfdHxSedTKXRTnmNwveazciP+frvQdSTt50uda6XERlzSKO5BNo3gr4bGgown7JD+xtLTkCunEKDxRhFtJoXYzUMsAEO3nQMeZBI3BPGwKLHwssWsF7vcL0djWnkTkA1Qm6NPmyh23xgHI\/G3wBvBScGIUvikmRuFkk+sMX+pYokfx0No0VbKxciqJIKjb+4e0FPyMm84hpZHeRCFW5ku8nkIr\/df4\/WDidwHPBG0yuNUNUNB24GHgOeALQJXmm64b44apKc93wIlRuOdgP35vDxvb8Z8ntPwaRdMRSK06qzQAFOOTG51QQcg68EJ4PSVGSMFdYj0PGmfdHshvK91Ttl3F43Y3IP+7gweCV8LJzqH52XFzb\/+n2l2YGgAABKNJREFUufd14m4ALwWPBXcHo25npOkFKLudzSsJLb9GMRmBTIzCtQsfEDvSZTI8F9lDM7ar9JUGAKVtv59N5bITKIwTRFWrdcdR6LPB6Jp8XUlQgpXuNwAvJY17+jy3V4Mum9xxPcOJrudB64crPkJ4BzxuBl1pPI1QXn18R5Cs4oBOpo3iIH77mrdptrOpIU+GpfaTXLbeLc5xaamOAdR6lVRlVMQ7jDyruO4toJLuBlpRVroOIC7hWqltDVmvX43GtQN5fRH+a41Cmt7KFGKMEXwFtLNpn2gyLNUo7HhXdjCjBkAhtfS9Q5m3vH8kfJ\/aMm0wGTxDld7XK9wKnzYKDeI25LgOPA88FNwF3BQUOhLRJQqDcFh6LWGlH2TUABBCxw9fi1wmBZsCJ086MUW524JlT3pw8qlThtWJLZOv3RdD6ummblH7MjKuNYoqvZN8PlAlSJvJnzqS+8FGN3LWoZ2hQZm5VfqMfCU\/HOatNYrbKcenwOnOZtCPooRnsltBA0A4Z\/GiW7A6SvF88nD7ViUb6LYBJ0+6wyHbYdt0RyiV6TMk8A3lyqplmHQ2v0oZ145A2vZZahc5aABw8Onvu\/26kELbYSG7ciDesbmv0kmlux+hnHjcd3VsXTsC8U3xWXSgp9VxhHuAScsfMwDb\/75VakfKcX8wHzoyeuvmeDBkUOaEEfa\/nCV0n6X+lB6KpVHY4ZwelrZ2Ui01AKzMbVeOMROWJcjKCQs3mQQJMAKf\/suCBHe9CB+c6RHILdTZxCjewHXtEUipAaBPX\/8Ec4OLEfq+Fbm9iPisFnyQJyeYGIVONpMRyK3o1e17rycs7c+tMwAIbffd9jTPwjnf4OpYME\/eArcRGd0CRvzoIXEB1KvT7y6i6Xyzjv06A4BCLx6nEbmcKzwb4\/NQiWCmGIGLIlp3kGYjIqiBR6Bf+xMzBGUGkHLqdyazGj8uQsiqDo3bvW+qwWuDZL0G1jXtMwaA8h2KuJV6fdL53HEZ9C2xrHgLuGtXN7LQKlgs+V09zj2EM3U+8wPt7Au6x45gMNC1eZ2lTkuDEXg0rAczTN\/euK7WwAMg0TOJYAXWGkBU8StJ5vLfCSIdImKZ6TySZMk4lskCxs24i60aAK9\/V832y6TA+gyU9lon8vEWcC+\/+ww3moKJUuqFOsSs+kKsGgBpnZfXCLjMAp6OUToDFhQGI7iGyGifgfgNmNWAK5ary\/HTBjBk739WxC2\/zscIosfBQar7mN8R4nK8MGfJV5uBZQNAyU4YuNtlznJUZudS6iXI5+RUKTFvAU\/7cPeublClNBs312nAt6vN7KpLmDN\/DgHXUWZwQ8M8PCYHRuCmiwtjNBtxMxrQ92B5\/WX5DUBUjq9\/xFqFN\/EWcAizeqPkwunO0Xyxs0T+ed9abga2KhT7hHnn3jA\/18A9iCrWFOgAaVNQdbZfw6wXlnxP6n5H3wBaQlCxGRVf51T32QVFoin4GJFR\/wLiN2BFA9b9wcv\/Vn6P4v8bsVrPKIoJ6+GNbpiI0WzErWjgkK14ah4OjgXugaDRXULE3wm6o4hgAyo08FO+AVZsYeP\/IBoYOtP\/BwAA\/\/\/oRNngAAAABklEQVQDAGI3w1saB6sCAAAAAElFTkSuQmCC\" alt=\"\"><\/span>\n              <\/div>\n            <\/div>\n            <div class=\"u-container-style u-list-item u-repeater-item\">\n              <div class=\"u-container-layout u-similar-container u-valign-bottom-lg u-valign-bottom-md u-valign-bottom-sm u-valign-bottom-xl u-container-layout-2\">\n                <p class=\"u-custom-font u-font-open-sans u-text u-text-4\">030 376 208 <\/p><span class=\"u-align-left u-file-icon u-icon u-icon-circle u-palette-1-base u-text-white u-icon-2\" data-animation-name=\"customAnimationIn\" data-animation-duration=\"2000\"><img decoding=\"async\" src=\"data:image\/png;base64,iVBORw0KGgoAAAANSUhEUgAAAIAAAACACAYAAADDPmHLAAAMqUlEQVR4AeydB7AdVRnH70tQgXGsiJTRAAYVDZDEggqiZkQFFAvYIuMEOyAOaqKoQ9EAigllGBVFJ9JhaCF0QkJNgIQBJgwQYOgQOgyh98fvf+fsm1du2b172u49me+fb+\/e3fOV83\/n7p49e864huV\/g4ODG4Bvg4PAeWAVeAwsBoeBGWALy2ZTcT1mwBoBqNQ1wD74cSc4FfwR7AA2AOuAaeDX4P9gBccuAJuwnSRgBqwQgIqcSgzLwV\/BmiCP7MRBN3PuX8BabCcJkIHSBKDyfovfy8AUUFREln05aSXlbI5O4jkDpQhApf0ef+eCNUAZmcDJukaYhE7iMQM9E4DK\/x1+\/g3YkvdQ0CWUm0hAInxJTwSgklT5hzhwMpHAQVI7FVmYAFT+LAp0UfkU25SMBB9tfkr\/OclAVmghAlD5Mznx78C1JBK4zrApPzcBTOXPMef5UOtiRNcEqSUgEa4kFwGofN3q+az8LN5EgiwTjnRXAlD5v8G2bvVQQSQjwUeCWK+50Y4EMJV\/aAQ5EAkuxZ9EAsuV0ZYAJFv99jFUfhZyIkGWCYu6JQFM5R9m0Y6tokQCXRimlsBSRscQgMr\/OWXHWPm41ZT38r9IsBk6ScEMjD58BAGo\/K044EgQu4gEuiZIJChZU0MEoPLfRVl6jv9mdBUkkcBCLQ0RgLJmg\/eDKkkiQcnaahLA\/PXPKFlWqNNFAl0TfDiUA1W22yQAAejCb210VWU9HNc1QSIBiSgiGQGq+tc\/PFaRQINK1h++M213zsA4mn89eftg58Mq860GoJ5KTGVHKFUm4LKOqgXYumwhkZ2\/Df64HK9A8dWTdh6LAJ9u92WF9+9FK6CfhAqH4Md1EeB9fkx5tfImrP0IJOmSARHg3V2OqerXP6mq4z79FgHUA+jTpi9bG\/Mz8E5fxqpqRwR4e1Wdz+H3pjmO6etDRICHa5yBjWscm5XQRIC7rZQUZyFPxelWPF6JAPfE4451T1ZZL7FiBXZzVwSoawvwKsHfC5J0yECdCbBwYGDgmQ6xp6\/IQJ0JcDzxJemSARFAv5NqLrscWqmv78Lbs0CSLhkYRzP5GsfcB+oirxPIbsT1IjpJlwyoBdAhK\/VfTTCXyr+iJrE4DyMjwNnOLfkxcACVr1lL\/FirgZWMAAuIRU0nqpLyBF7vSuX\/GZ2k0WjkTUKTACTuEU5YCqomD+CwXmGbQAwnsp2kYAaaBDDnzDe6Cmo1TmqamolU\/BHgOT4n6SEDwwlwZg\/n+z5FdyxHYXRTKn0OeIntJCUyMEQAkqlu0+tLlOX6VN3WbYufe4DHXBvrl\/KHCGACjrkV0L39VcbPpCxloCoEmM1f\/SmWYk7FDMvACAKQZHUI3Trs+xg2L8KJ\/UESBxkYQQBT\/glGx6KOgpiDsTgTux9F\/WtFgH9SyNMgBtHjXLUAMfhSSx\/GEIC\/Ng2jEgliCPgc\/NHVfwy+1NKHMQQwUR6Ofh6ElpjvSkLnxor9lgTgr0732f+1YqFcIeqiLldCOrtjBloSwJyhmUFfNtuhlHr+QtnuC7ttCUAroJFCxwbOwkaB7dfefFsCmMi1IETIv8KPGT+ScpSBjgSgFdDYupMd2c5T7JfzHJSOaTR6zUFHAphCtRJYqI6YSYODg1saP5JykIGuBKAVuAW7IccK7Ir9JI4y0JUAxq4WgQz17P37tAJ5\/TTuJpU3A7kSSytwGwXqpwDlXTbE4hdAEgcZyEUAY1cECPWk8FfGh6QsZyA3AWgF1Cn0C8v28xa3Ez8D2+Y9OB2XPwO5CaAiIcHl6HkghMyFBAMhDNfZZiECmERo3UA9KzAfvalPYOl7IMmwDJTdLEwAWoEnMapVxFDe5WBagbd4t1pjg4UJoFxAAr16vVjbnqFnA3ofwLPZ+prriQAmHbogDDFYYz9agTrObmrS6lf1TABagTtw9UDgWzQR9MmQ4B2+DdfRXs8EMMnQOsLqKjYfvakJWPofSFIyA6UIQCvwCvZ3A+ojQHmVnWkF9DPk1WjdjJUigJIBCZajtbwsyrscDgmmeLdaI4OlCaBcQAKNIj5J256xJvYugAQfQPeV2ArWCgGMMz9Dh7ge0KJRCyFBpdYHwN8BMBl8HewJZoFdwBQgYpNO92KNALQCekd\/Z1x+FviWTTB4EYmL\/s4AHyeCg\/FXE3TegNZsZv9A64L6NLTe0H6IY\/Tz5nyya2sEwPEGJNDTwh9rOwC2wObZJG4tdHSCX+PBPjh2E\/gD0J0MqqWIyHvzzW2ccyRwtpinVQLgsEig1UdDLT\/7WXw4nYRFRQL8UYVeiW96pF6kK1sPv\/bivCWUoV5QNu2KdQIY92airwYhZAeMLiJhUSyEgR9avuYMfCrTe6kHYcspa3PKsSpOCMBPgfoHvoOnIZ4aYrbxGf5bSsI6NbMc4kX+hZVpoKxoeT+ti2iVBE4IoEghgWbwms52qOnntIro1ZBgMj4EEWzrusTm2kXWSeCMAMo4JFiEDjm5g1YRvZyK+CJ+hBDrTy4JwioJnBIAZyUH8d85IJS8DcMXQoL9wXi2vQi21Dn1XUfGrJHAOQFoBfRSiUbyhLooVB2o4g9g41Iqxtc6iXq5Vk8uMetErJDAOQEUOiTQXANfZftmEFJ0m7gCEnzLpROUr2Hs33Rpw5RdmgReCCBnIYGGkuldP81HqF2hoLUEz6CSjgbWbxUpUzk9wmNwpUggZ735Cgn0yvmXMBjq9hDTQ\/JTtu6kwmaCIp0znNZaKEf5PIRvdfWP8iY9k0AOe\/NShiDB7ejtgSaAQgUV9dDpt\/pWKm86UM9bTw5xrpbgPZ+T1QmG8i49kcA7AZQWSHAd+hsg1PuGmB4h6mbVbOPqbfshlfnWEd92+cDxmsdAMeknrsvRTr8uTIIgBFAKIMEl6B+AUB1FmB4jH2ePZkV5hErVuMMd0S2v5Nm\/HtgDKI5lnOe015Hy80ohEgQjgKKBBOoj313bkWFt\/NGt67loPZpdRkVfBjT45Ey0HuzoekYDYXTFr9tMDo1GcpMgKAGULkhwNPpPIFZZB8c+CT4HvgJ0e7cNOnju8KGT5CJBFEFAAg2Q8Hnr1ClxdfquKwmiIIDJuAaWxjZPsXGt0qojCaIhAK2Auow1xPy4Sqc7TufbkiAaAihvkEArmM5gW1PVopJYzEBGgknDy4yKAHIMEgwC\/RxoXiLtSrCXAZFgPncxQ0PmoiNAFisk0Pg5DTWPqZ8gc8+bdmBoImXOBk2JlgDyDhJowmoNLQvx6plcqCv2phXQOMNG1ARQ9iGBOos00DPE+wZyoY5Qx9U8SDA+egIo+5BAk1FoYOXj+pxgJQO6GPxQJQigcCHBtWgN6LgfncROBrasDAEULyTQm0dbsy2NSlIyA5MrRQAFCwnUAqgvXi2CdiX0noHqEUCxQoIn0LomOA+dpPcMrF+5FiCLFRLoruBrfN4P1K6vgJh8yC2VJYCyAwnUa6hODQ0xS3cISkoxrKg0AbJYIcJCtqcCTVeDSpIzAzfWggAKFhLo4lC3iXoZU7sSumegHi1AFickeBnsyWetMqKXUdhM0iYDWpX1gdq0AMODhAQa4bsV+zQEHZVkVAY0GlszkMT\/LGCU47k\/QgJNxaJRvnqWkPu8PjlwDvnRinD1JYAqkiCfAbuwrZc1NNiEzb6X+8iAHrWjGvUmQDNC\/oMEh6I+D6L\/ScBHl6K+k+nkY+j6qJbXAK0ySNBL2a939jTBtaaw4WNfiSp\/e5OHocD7hgCKmOBfAvuyrT6DkPMV4IJXySp\/yWirfUWALHhIoAtEPVD6JftieEkVN5xJ28qXxb4kgAKHBK8Dvdq1GZ8XgDpKx8pXwH1LAAUvQIJVQG8q627hIe2rCbpWvuLsewIoCQIkUH+BWoP\/8FkvqaAqK7kqX9ElAigLBpBgNdAiFFqksqoXibkrX2EnAigLowAJlgDNNqr5BbVY5qgj7H+0VGKhypfNRABloQ0gwWKgDiS1CBe3OSyW3YUrX44nAigLXQAJrgSa3OpTHBrjMLSeKp9Y+qMrWIHaACRYBjTfoTqS5lNmDBeLPVc+\/icCKAlFAQluAJpsUl3LevSs1VKKFmPjeN22bocvY3r48haefgLyZqrFcST+JqDBJ3rrVoQQGVa3ONTFLlX6VOxfU6bwRIAy2TPnUgkvgPlAZFiX3TuCeUDD11FWRTOu6nnGNOw9XLbkRICyGRx1PpWiYWnno7V2klYy245D\/g0eBGVEU+zOooAJlH0gsPJEMxGAjLoSKulVsAjsDjbETkYILb9\/DJ8vAyuABmnooZQq9VE+rwR6fK3pckSkiZy\/EZgLdNHH13bkDQAAAP\/\/oGELtwAAAAZJREFUAwC1bkVy7YKYvAAAAABJRU5ErkJggg==\" alt=\"\"><\/span>\n              <\/div>\n            <\/div>\n            <div class=\"u-container-style u-list-item u-repeater-item\">\n              <div class=\"u-container-layout u-similar-container u-valign-bottom-lg u-valign-bottom-md u-valign-bottom-sm u-valign-bottom-xl u-container-layout-3\">\n                <p class=\"u-custom-font u-font-open-sans u-text u-text-5\">helena@vikarah.si<\/p><span class=\"u-align-left u-file-icon u-icon u-icon-circle u-palette-1-base u-text-white u-icon-3\" data-animation-name=\"customAnimationIn\" data-animation-duration=\"2000\"><img decoding=\"async\" src=\"data:image\/png;base64,iVBORw0KGgoAAAANSUhEUgAAAIAAAACACAYAAADDPmHLAAAQAElEQVR4AeydCdA8RXXAd9HExMQr0SQguU80qRjFC8V4chSWJSQFRgOWRiSJB0opoJbggQfeeBSCeOJ9YqmUB1oCCpbifWKppVV\/7\/tAUdTP32++nXV2vunumd2Z2dn99qt+2z3dr193v\/emp19f316jXfi3tbW1L\/Ay4FsTeCn+DXchK0a7TgEQ9K0R9GXA0cANJnAM\/sdJ+3f8XeV2lQIg4Hsg3XcDfwqU3R8T8Q5w7o2\/a9yuUACEOgYeg1RfCfw+EHLXIOEl4J4B7ArerH0jEeTvIdRXAKcCY6COezBIryPvNfHX2q21AiDAfZDeRcB\/AU3dEWS4BBp\/gb+2bm0VAMH9K1K7FLg5MK\/LaEBr\/3kJDD3fWioAAvPtfT\/Mb+PttRe5GJrz9CJUYZgur9XaKQCCOp7GvQ74A6Atl40joO1Asi2ag6CzVgqAgK4DVz8NHAzcpWU4CHrvm5RBcD3cWinAeDz+4Xg8vqBj+OF6iH67FWulANtN2vw24cBGAZpwaw1xNwqwhkJt0qSNAjTh1hribhRgDYUaa1I5rTcFwHy6NnAAcOcNbMV4II+uVRZUV8+9KAACfwAN+Drg7Ny78DcwGoV4II++PuEZrOrWda4ANMQp1OfSjLVfWaONbTlnMZ8L745si2CITucKQMEuw+Jt3Bwc6HzquQ8F+Ls5Gr7Jss2Bf9j2uvvtQwGu1l31155y57zrQwHWXkqr3MCNAqyy9BrUPYS6UYAQZ3ZJ\/G5TgO8i14uBlwHPBh4PnAY8BTgHeAfwBeAqYFe4dVeAbyLFFwP3AvYZj8fXB24H3Bs4HjgFeDRwEnAscAjw9+BeF7gz8FjgY8DaunVUgF8iLbeEHYa\/LwK9L\/BKwJlIotIO3J8C7wYeA\/wbOW4EPBn4PrBWbp0UQMG\/EOnsh9COBM4HjCNqMQedzwKPgMpfAg8Dvg2shVsXBXgf0rgpQrof4Decx\/YdtH8MPB3KTtCcjv8LYKXdqivAz+H+AwG\/65\/E78WhBD8ATqaw2wJfBFbWrbICfAmuH4AgngdsEe7dUe6HKPSmwGuBQbpUpVZVAXzbD0QAH0k1sOt06vAjyvDUsRYDwdVyq6gA2vG3gfFfa8Jqllb3Ax4EvAL4CPBt4BeA7nv8XA6cDzwOcMPG79alT122AFfuTqybZyh4q6YAn4Bxd4PZP8ZPOgR5PeBEwMMinyGDkz\/3xNe0uz7+7wC66\/HjwO5Q\/EcDbtZwU8aZ5P0nnms56vVUEJ8ArIxbJQXwjT8UJv8gxV2Edk3ALvnL4Dpa144n2MhdG+ybAadB68nAXxGu41Sgl9RBHALOqijAr2DWPRG+SkAw7BDUHUj9FHAKoBDxGrvPkUOz8haU+Z+EHwkcCu0TgOgdA+A7IP1\/8K0D3rDdqijAaTD2whQrEY6Csvv+6wCuEzjnkvY44DjAu4Eegv8CIJ8\/0La\/K+U50CR6NCL8a+DM0WjkSeG3UY5nEHmsduD+jBS3c+kTHK5bWAFgxtU7bt7l0H8SEHTU4WrA80Hw+1u1ieLNpHlYdG+EcwxwKnA2cC5wBnB\/wDUA7xI4kXDItn8adBwnXEh5exMOOmh8lkQ\/P3jdOOqwMO8XUgAqYPd4QjfNm1J9IMx0wmcaURFwcOcbXU5SeQ4m\/90BD436KSnjTJ\/BuQw4YxpRCpD2DaKuBLw44p2038Ejj0GnAjhfEURYMOFh1MGFrh1k6kbMpQAU6qVLJ1HIa4Aud\/u6IHMBZQQddVEB\/eaWccx3c4T2znLCgs+\/nuT\/Z\/w3Un5Vj0PSyE+HyqJ5OOroz3sLzqUODlKjY5NQ+Y0VgMKym7Qg6OpY4\/zka+L8VgfxqcstSbQeeDMuWw1E+LXMxZmc6Ydim28PemrX86vB0RrB68QpeF\/GV8OP2A1olYUXG1OJUIykAG1n3ygHT8WkLsIfQoBe8FRJm7pow7uJQ7+I4\/q933kHc8X4tsIyvEjrEdTlX4oRxTBtcHNJ8LNSxF0w7KDzPdSl6g7EIOnaCgBhuzznvm8XpNZuQsqWttu3TsVSf8LDUTDdrpdgJ66sAA7EHIPECvN+wlaWpmOFkHYr4DJk5UQXwbSrpQAQ9MoVl1zrToakS45j+Pa+KoRCfezq7PbKKJqLny9Hlp\/J7xhmb\/x9gLJAy+jl5yr820PnwDJi\/oxCfouwPSde525fSriI+twNP+mSCgCh+0PlrUDU9iW9TXcpTIvtvjmKwspmmDOE2uokVTvaornoJZCOzJ1U+iqYXyH+WPy6LsSzhyYIvCWR3mbyH0LMAWrVS0LSb12oMSOYcnXgOaCeBdjN4fXmUm\/LfSpqciZK48pcRdLI9jhiPo9Ev8fFnuzPiTubtro5lGDSVfUAZjoMGt43bLgKLqmK7DBO60Tr4AXUqzxOmhZbqQBk0L59O1hutsDr3XlCtrJQ6iaTb1OR+IaKuGLUM3i4KxByj4R2ndvCQwrg6qE3iYXouyDlpy2U3kp8BZH7Eefg0AE8wVm3QwFgwt+CogDuhL8sF5tHvyOVUrvxps7t3h+dPpUCtMmJm\/8tRZcfFaz7\/srx5WfxynH5c8wacBKqS3Mwr0OV786lS+HDjpXNGQUAweeXQmE\/YFnuG3TlCjRU\/k0qEi4kTz5BU5E80mKICS7Pcxd4YA+TP8\/4pMmfmbjSQ9kqKSWPHHOU4\/p69pDuOeU2zDRowsRDqJEzfHhLcant21XKmXqzYl1zsZHy4xbFiFI4pUR\/VMIvP3YxMVUuI\/TseshhExlPcWzw9MEACD8B3OLk3LqTGEb3Cd9JFPZnFemu8lVEZ4M\/TcbioK8SrxAZw00pgEvBBVI7gn3MBZQLtUw3sB6OXHdccrlDAfLcIJ9N2O9t6o0ErVWXekuqzNGY0gS79ECtPRUUSBqlFEBmh\/IarzLq9wW+GC6GnY48K5UzqADWkExO\/jiA8t+sGNUHpExOB1PlesQY23RW8Kdl4oXnKL\/ACy0jk5S5psqYZZrzJ5MdMnxPLH+qQSMIqEWOC1zarNSiWAFzpAVt1gktp3snwalXaeJMUp1QamJ+7Znkq\/JSPYB7Fqvy5XGhjSp5elt+1nsju2TvnVQAawShXwLZd4TnHd8R4tp0\/ievGL0qAQUVgHrbY3w4RrCUFsNNKUBwmzqjb+uYalupKvUfJ5i+HPegzccBtcZve1Gxk4DU6DWjD1FHko6SY3Z6hrvAT+qfPFTN9acWP+pOw15OG2MWRUwB7Ck\/EGm3u40iyQsnufnl1tS\/lgWnzIGT7QHs3j\/Gg4JN1oICFID\/e69WQUmCOxFuQF2cy96Zsh3zwW1v5nd\/8ni12kxk4cFDo1cUnkNBp71DacbHFOBN8CY2CAwuFkl4QfDFvCXl13ox4ZUvjCu7B6sAlu18uCtILvz4HAUKKpqKTb6vUbqTRJkc+x89bg4tD+wcNzjbNSEx61FfV+NOnY3d8eQALrqYRI6cXwR3uNTxMPcS7si0YIQKl32aaWOtTzPCdy+HA8S\/sexig9zpcxYI\/kvVWtu8KNTBhnPs0moTgr0RZdrQ8ysK+5+KuGKU9fSyiGJcHpbmf0C7rFh5eu6rnHm46DtuCI624anHyrWminnaCD+NOgdNvGIB1OEagD2cM71T+RYVIMc\/moD\/GiXTEMJRRwVSTIvmDySm1iGq9gocTgOD4wfqqQWjkjgtnA8kjXMbufv\/Px6oSzHatvrWFeMceB09oV+ML4bduBlSniJeozBlWp9kHviS9fAg7ujhqxQAvFH2jSBjF92W9FPgBotrRZAc1JUHa84fRM\/mwTDP8NnNqyhunLgucQcBjmsixW0ngefnzu\/tdsRo5NbvOxGvn8fN+PBQwdvtzsT39UD5ytBtcpW9akgBrJ+WgYcgXFOO4YnbNri0evcQURjuNvFHVaT\/Hw1ODrbIryJ8FT+4f6CCdh7l\/xY+nAdH9TeGRtWglOSpc2fOP06fegrAB3c9uSHEzTzKsrLklGDV3owIBINEKikvHpnapeNnwP8CXizJ9ryYusasiCJ+4zACvwI4D\/AMgZ+QIA3qoSJ7WCWIs2hCVX7KVVaOk9wxLU+q0LK4aGKGsf2TdSMQruxGtlFa\/z2Q8qqWfrOCEIDMd2dQ2bxzP8PrySvzM9wl\/ri\/4MZ9lk+7s883ZWre48VdXQWQSjaQoIAdAwkTI+DBjfLAKYI+k+RJ25mI4gNKoN1b1VO4ifUt1DU2jiiSaj1M2e4+8oDqvLTlmbyrnZ8yHWtMTbw6GZsogPTmMRWfScZ5VxUd2Ud7HZTAT0HV2UH3AHwYprhVmirUc+BrLj0F\/zWAn8B6GQtY5LPHdKKsKX9zKs7h35G2ybs8LuhTnnXeYeIFMxQS5q1gU1PRWz08a69fKD4ZVADPo4HResIoTwVX9RYe+LyE\/N4KYvnBAsGRifYm7t17OIgetPCCCK0LHtMOGk6te42cm0+ntnY65wyGPLoZbdKfSah6oMysZyatac9MltEoytgMI\/yTfWuogNoexpqk0KBMq3lUq\/1+E6zlnBVMbbkeQd9dvdr4mmpFwmMevBXEAxOfp75Odj0Y\/17AccApgCNlt6E5seUYgiyZc1PMBaRHt3qR7ohbPrjz11tC5hl\/yBN545svr7IKxH4o1zKDJl4sb562iAJIw9FmbVMRIbmq6HfNff2pjR\/Sz+EJNFaFy58rfehr42uehTaI2iP4prg1\/OUQ8Ui5N4l4q2hoLcGdwq6VOKY4lnrcFrgRoH8kvqeCXIhx1O1ZRcg2dvLCE00n0Aa\/\/VEClKnCZdYZiMoAbz63qAJYqm9YVhkqVqsyNNLDmzIrOIEi4QI49vCgw58U4iqD0HZNXtrWybuCK\/EaRroL2UGdPYRds58Jfb\/zD4KWioU3l5MHLuTIkySBCY9VtqSJlyQGQhsKAJnMZd0RFYwO2jJMfhCUDRe3VsPJ4l6986AfelNB2XbQvgrwBnDzuB1cpdhOHNavbXcaWl4ka0bb7QVdxTskiVwToU0FsMhsQEJF7WZ9jgJCclXRwZafhWTXBzGXod8K\/aQSgOu44ErKOAtwIca6Ociz69dUciq51qYJabUMttXu3juNXUtIkqfNjU28JFEQ2lYASI7srh1oNVlVzAY\/ZK4z+PFMvrdzNNpdgxLsAc4BXLjxkkm3Z3lczMMSmpIU34uzjQ70bHOyQASvdTKXiZckDkIXCgDZzHVpKh5ACR+AOdHROThRhzJ4+ZO7gLQSPAcZxW8h0XFDbyZenfp2qQCWn32zEJTjA5+jgECytwOkOm+Hy9UfhPYDAAeiZFvIOZfgaHwhIpHMtsk33zZG0LaTaJM8W8jE26YU\/+1aASxdy2AeU9GxQUogbgf3v5K+F4YFz+VZiRSgfH6LnVpOoTZNtw1+6\/3m++2P5qcdrZl40YImiX0ogEX5hmqWOYBTIYyLAgJxhKw5V2eE7K0l3v\/7IhhozxClHUlse9++dW9q4r2N+rVi4kEn6fpSC4ZMgAAABQBJREFUgLwiWbeGkDT\/8rigjxJkDARBZcCLOqdsXR300uc3UMZBgPZ7NFOeCK6DS+8LzqMW9a2zwrcNSVqUn30uQZRHeP24vhXAVmmONdmA6n\/p8HNQ11RUEY6gIP8D2NdgrBckHIV\/Q+IqHWmaie6Vq0xvGGk3b3dvt2\/3n8xO+bVNvCSxhgjLUACr2LWpaBmCM4dekOBVbXtg9DeBiwFN1GfhPxFwNs\/JFbeJmWcRcIDnQM8BX5IOZXdq4iUrAMKyFICiMzePqejbOu9ZRRXC7eOWezw1cMOGvYvbynlcyDm5NCgTr05rlq0A1jH79vE21Pr2MS7wBI67Xfo6q2gdU+AagW++PUAK1\/uKbGvnJl6yIiAMQQGoxkjLoKmpmB2IILN7+vGW4jQda5\/FQ8l7NfHqcGQoCmBd5zEV3aKtRdGF\/W6dYuBW8kZn8SDWq4lHeUk3JAXIK5t1j7wtCjaPC\/p8EhSEU8Puv\/Oz0AdY1v6UXUvxaEv2maMRtg1vOG6ICiB35jEVH49ATu4JLGvwJp6MTMFQFcB6NzYVzTQU4K3XxHPnkfML8+4PnDanq8CQFSBvsyZb7bOKeaZl+gg\/68Gog9fS4g3XrYICyD0PiPy3gRUBp6Tdmzj46q6CAuSmVvSfRwyJ04xDrKvnB5dpotZiydAVwN22t4KhqcsXajW2TyTqvEwTtXZTh6wAMtDVNHfg1m7QkBBRAk1U9zG63jCkqk3rMkQFcDUtm+WDgbW6UAZdxwBXAH25KynItYQpI0MB2uDG12XevBqqWhY\/NAXwLp\/ozZZZrSc\/CEFTq7MNk5NiqjxNVFcTXVWsZeKhCNl6AcT8RxV4w3BDUgA3TN4ERgXv2imyDOHnplatLejFvC2GG5motM0VQy2a2quZLda1ktRQFMC3w6tWVm41Da46zet2tOCNJuBMHUowqNXMZSuAJp5n4mrdbMlbP7jVtIlkvcDao2u1rtNBCTwjmY1zyF9rnANeJ26ZCtDIxEP4Lhm3diauA27mq5meJnbjSbIIFEFLx0WvWotKSYJzICxLAWx4bRMP4dvNum3LjSBzNLPXLHegNI+iu6OZYNyhBEs1FftWgLlMPFjo4GmR7d6Q6NU5QL0QxZ3HVCzfb9BpxftUgFUx8dpi+Lymopdk9mYq9qUAq2jitaUIgzYV+1CAVTbx2lICxzCNTEUKdrzj7iavjuGxG9elAqyLidcW5wdpKnalAOtm4rWlBIMzFbtQgHU28dpShMGYim0qwG4x8dpSgkGYim0pwG4z8dpSgqWbim0owG428dpShKWZiosqwMbEa0sFRqOlmIrzKsDGxGtP8EVK1+Gh11XFeRRgY+IhpQ5dr6ZiUwXYmHgdSr5EuhdTsa4CbEy8knR6euzcVKyjABsTrydpB4rp1FRMKcDGxAtIZQnRnZiKMQXYmHhLkHKiyNZNxSoF2Jh4CSksObnVVcWyAmxMvCVJt2GxrZmKRQXwHx2t60bNhvxdGfSFTUUVIDfxjhiPx7X2qG9tbS3tZsuVEU1\/FV3EVLxKBbjPeDw+HUhuPULwyzqL1x87V7OkeU3F++6F4PfUaTPCV9MuAneZZ\/EofuMiHGhqKu6xB4jQ205C+F5vNoibLbdrtPmNcKCRqRhVAAQ\/1LN4kfZvkuBAbVMxqAAIf+hn8WjnxkU4UMtUrFQAhG83sipn8SI8GH5SDzWMmoq\/AQAA\/\/\/Z1C+WAAAABklEQVQDAFG3YttDCOlFAAAAAElFTkSuQmCC\" alt=\"\"><\/span>\n              <\/div>\n            <\/div>\n          <\/div>\n        <\/div>\n        <div class=\"u-grey-light-2 u-map u-map-1\">\n          <div class=\"embed-responsive\">\n            <iframe class=\"embed-responsive-item\" src=\"https:\/\/maps.google.com\/maps?output=embed&amp;q=Tomin%C4%8Deva%20ulica%201%2C%20Koper&amp;z=14&amp;t=k\" data-map=\"JTdCJTIycG9zaXRpb25UeXBlJTIyJTNBJTIybWFwLXBvaW50JTIyJTJDJTIyYWRkcmVzcyUyMiUzQSUyMlRvbWluJUM0JThEZXZhJTIwdWxpY2ElMjAxJTJDJTIwS29wZXIlMjIlMkMlMjJ6b29tJTIyJTNBMTQlMkMlMjJ0eXBlSWQlMjIlM0ElMjJzYXRlbGxpdGUlMjIlMkMlMjJsYW5nJTIyJTNBbnVsbCUyQyUyMmFwaUtleSUyMiUzQW51bGwlMkMlMjJtYXJrZXJzJTIyJTNBJTVCJTVEJTdE\"><\/iframe>\n          <\/div>\n        <\/div>\n      <\/div>\n    <\/section>\n    \n    \n    \n    \n  \n<\/div>","protected":false},"excerpt":{"rendered":"<p>Kontakt Za vsa vpra\u0161anja in informacije me lahko kontaktirate preko telefona ali mi pi\u0161ete na e-naslov. Tomin\u010deva ulica 16000 Koper &#8211; Capodistria 030 376 208 helena@vikarah.si<\/p>\n","protected":false},"author":1,"featured_media":0,"parent":0,"menu_order":0,"comment_status":"closed","ping_status":"closed","template":"","meta":{"footnotes":""},"class_list":["post-76","page","type-page","status-publish","hentry"],"_links":{"self":[{"href":"https:\/\/vikarah.si\/index.php\/wp-json\/wp\/v2\/pages\/76","targetHints":{"allow":["GET"]}}],"collection":[{"href":"https:\/\/vikarah.si\/index.php\/wp-json\/wp\/v2\/pages"}],"about":[{"href":"https:\/\/vikarah.si\/index.php\/wp-json\/wp\/v2\/types\/page"}],"author":[{"embeddable":true,"href":"https:\/\/vikarah.si\/index.php\/wp-json\/wp\/v2\/users\/1"}],"replies":[{"embeddable":true,"href":"https:\/\/vikarah.si\/index.php\/wp-json\/wp\/v2\/comments?post=76"}],"version-history":[{"count":6,"href":"https:\/\/vikarah.si\/index.php\/wp-json\/wp\/v2\/pages\/76\/revisions"}],"predecessor-version":[{"id":193,"href":"https:\/\/vikarah.si\/index.php\/wp-json\/wp\/v2\/pages\/76\/revisions\/193"}],"wp:attachment":[{"href":"https:\/\/vikarah.si\/index.php\/wp-json\/wp\/v2\/media?parent=76"}],"curies":[{"name":"wp","href":"https:\/\/api.w.org\/{rel}","templated":true}]}}