{"id":72,"date":"2025-12-17T16:41:33","date_gmt":"2025-12-17T16:41:33","guid":{"rendered":"https:\/\/vikarah.si\/?page_id=72"},"modified":"2026-01-08T08:11:34","modified_gmt":"2026-01-08T08:11:34","slug":"o-meni","status":"publish","type":"page","link":"https:\/\/vikarah.si\/index.php\/o-meni\/","title":{"rendered":"O meni"},"content":{"rendered":"<div class=\"\" style=\"\" >\n    \n    <section class=\"u-border-2 u-border-grey-75 u-clearfix u-gradient u-section-2\" id=\"sec-5662\">\n      <div class=\"u-clearfix u-sheet u-sheet-1\">\n        <h2 class=\"u-align-center u-custom-font u-font-open-sans u-text u-text-default u-text-1\">O meni<\/h2>\n        <p class=\"u-align-justify u-custom-font u-font-open-sans u-text u-text-2\"> Moje ime je <b>Helena<\/b>. \u017de odkar pomnim, me zanimata Narava in\n\u017divljenje. Vedno znova so me preplavljala vpra\u0161anja o dejanskem smislu na\u0161ega\nobstoja in Resni\u010dnosti, ki le\u017ei onstran moje relativne \u2013 o tisti resnici, ki je\no\u010dem nevidna, u\u0161esom nesli\u0161na in \u010dutilom ne\u010dutna. Ta tiha namera po spoznanju\nsvoje prave narave je bila moja stalna spremljevalka, \u010deprav me je pot sprva\nvodila v povsem druge vode.&nbsp;<br>\n          <br>Po \u0161tudiju na Fakulteti za gradbeni\u0161tvo in geodezijo sem iskala finan\u010dno varnost\nv poklicu projektantke, a se kljub zaposlitvi nisem po\u010dutila izpolnjeno.\n\u017divljenje se je zdelo omejeno na rutino slu\u017ebe in sestankov. Nato se je zgodil\nprelom: ob razpadu odnosov ter stanovanjskih in finan\u010dnih te\u017eavah se je moj\nzunanji svet za\u010del sesuvati, znotraj mene pa je zavladala popolna disharmonija.\nTakrat sem re\u0161itve \u0161e iskala zunaj sebe in \u010dakala, da\nmi okolica, drugi povedo, kaj je z mano narobe, kako naj ozdravim in kaj moram storiti,\nda bom za\u017eivela sre\u010dno in izpolnjeno \u017eivljenje.&nbsp; <br>\n          <br><b>Moja pot do notranje svobode in miru<\/b>&nbsp;<br>Pred desetimi leti se je moje razumevanje sveta korenito spremenilo.\nPrvi\u010d sem izkusila, da smo veliko ve\u010d kot le fizi\u010dno telo in da onkraj vidnega\nobstaja nekaj globljega, kar poganja na\u0161e delovanje. To spoznanje me je vodilo\nna pot navznoter \u2013 k povezovanju z lastnimi ob\u010dutki in ozave\u0161\u010danju vzorcev, ki\nso me ovirali, da bi delovala zares pristno in iz sebe.&nbsp;<br>\n          <br>Moje \u017eivljenjsko\nvodilo sta svoboda in mir, ki ju prepletam tako v svojem vsakdanu kot v odnosih\nz drugimi. Medtem ko svobodo izra\u017eam skozi dinamiko \u0161porta: v teku,\nkolesarjenju in osvajanju gorskih vrhov; notranji mir ohranjam v ti\u0161ini branja,\nmeditacijah in s sprehodi v naravi. Ti trenutki so zame klju\u010dni, saj se ob njih\nvselej znova pove\u017eem s seboj in svojo pravo Naravo.&nbsp;<br>\n          <br><b>Orodja in transformacija<\/b>&nbsp;<br>Prvi klju\u010dni korak je bil <b>Reiki<\/b>, ki mi je pomagal vzpostaviti\nstik s \u010dustvi in mi dal kapaciteto za ob\u010dutenje, soo\u010denje in sprejemanje, \u010desar\nsi do tedaj nisem dovolila. \u017delja po \u0161e ve\u010dji globini me je kasneje privedla do <b>TCT\u00ae terapije<\/b> in \u0161tudija na Akademiji TCT\u00ae. S konkretnim delom na lastno\nustvarjenih in ponotranjenih vzorcih se je za\u010dela moja pospe\u0161ena, a hkrati\nprizemljena osebna rast.&nbsp;<br>\n          <br>Leta 2025 sem na <b>In\u0161titutu za transpersonalno psihologijo v Sloveniji<\/b> pridobila naziv <b>Terapevtka transpersonalne kognitivne terapije (TCT\u00ae)<\/b>.&nbsp;\u200bTrenutno delujem kot terapevtka <span style=\"font-weight: 700;\">pod strokovno supervizijo<\/span> In\u0161tituta Transpersonalne Psihologije v Sloveniji.&nbsp;<br>\n          <br>Te izku\u0161nje in tehnike so danes temelj mojega dela. Moja namera je biti podpora\nvsem, ki ste se pripravljeni podati v globine svoje notranjosti, prese\u010di\nvzroke, ki vas ovirajo, in prevzeti polno odgovornost za svoje izpolnjeno\n\u017eivljenje.\n        <\/p>\n        <div class=\"u-border-2 u-border-grey-60 u-image u-image-circle u-image-1\" alt=\"\" data-image-width=\"4128\" data-image-height=\"1956\" style=\"background-image: url(&quot;https:\/\/vikarah.si\/wp-content\/uploads\/2025\/12\/20210724_110123-scaled.jpg&quot;);\"><\/div>\n      <\/div>\n    <\/section>\n    \n    \n    \n    \n  \n<\/div>","protected":false},"excerpt":{"rendered":"<p>O meni Moje ime je Helena. \u017de odkar pomnim, me zanimata Narava in \u017divljenje. Vedno znova so me preplavljala vpra\u0161anja o dejanskem smislu na\u0161ega obstoja in Resni\u010dnosti, ki le\u017ei onstran moje relativne \u2013 o tisti resnici, ki je o\u010dem nevidna, u\u0161esom nesli\u0161na in \u010dutilom ne\u010dutna. Ta tiha namera po spoznanju svoje prave narave je bila [&hellip;]<\/p>\n","protected":false},"author":1,"featured_media":0,"parent":0,"menu_order":0,"comment_status":"closed","ping_status":"closed","template":"","meta":{"footnotes":""},"class_list":["post-72","page","type-page","status-publish","hentry"],"_links":{"self":[{"href":"https:\/\/vikarah.si\/index.php\/wp-json\/wp\/v2\/pages\/72","targetHints":{"allow":["GET"]}}],"collection":[{"href":"https:\/\/vikarah.si\/index.php\/wp-json\/wp\/v2\/pages"}],"about":[{"href":"https:\/\/vikarah.si\/index.php\/wp-json\/wp\/v2\/types\/page"}],"author":[{"embeddable":true,"href":"https:\/\/vikarah.si\/index.php\/wp-json\/wp\/v2\/users\/1"}],"replies":[{"embeddable":true,"href":"https:\/\/vikarah.si\/index.php\/wp-json\/wp\/v2\/comments?post=72"}],"version-history":[{"count":3,"href":"https:\/\/vikarah.si\/index.php\/wp-json\/wp\/v2\/pages\/72\/revisions"}],"predecessor-version":[{"id":268,"href":"https:\/\/vikarah.si\/index.php\/wp-json\/wp\/v2\/pages\/72\/revisions\/268"}],"wp:attachment":[{"href":"https:\/\/vikarah.si\/index.php\/wp-json\/wp\/v2\/media?parent=72"}],"curies":[{"name":"wp","href":"https:\/\/api.w.org\/{rel}","templated":true}]}}