{"id":20,"date":"2025-12-17T16:46:50","date_gmt":"2025-12-17T16:46:50","guid":{"rendered":"https:\/\/vikarah.si\/?page_id=20"},"modified":"2026-02-15T13:39:34","modified_gmt":"2026-02-15T13:39:34","slug":"vikarah-4","status":"publish","type":"page","link":"https:\/\/vikarah.si\/","title":{"rendered":"Vikarah"},"content":{"rendered":"<div class=\"\" style=\"\" >\n    \n    <section class=\"u-clearfix u-image u-section-2\" id=\"block-2\" data-image-width=\"1000\" data-image-height=\"563\" style=\"background-image: url(&quot;https:\/\/vikarah.si\/wp-content\/uploads\/2025\/12\/Labyrinth.jpg.webp&quot;);\">\n      <div class=\"u-clearfix u-sheet u-sheet-1\"><\/div>\n    <\/section>\n    <section class=\"u-clearfix u-custom-color-8 u-section-3\" id=\"block-1\">\n      <div class=\"u-clearfix u-sheet u-valign-top-lg u-valign-top-md u-valign-top-sm u-valign-top-xs u-sheet-1\">\n        <img decoding=\"async\" class=\"u-image u-image-contain u-image-default u-preserve-proportions u-image-1\" src=\"https:\/\/vikarah.si\/wp-content\/uploads\/2025\/12\/VIKARAH-2.png\" alt=\"\" data-image-width=\"500\" data-image-height=\"500\">\n        <p class=\"u-align-center u-custom-font u-font-open-sans u-text u-text-1\">Helena Ugrin <\/p>\n        <div class=\"u-align-center u-border-2 u-border-grey-60 u-line u-line-horizontal u-line-1\"><\/div>\n        <p class=\"u-align-center u-custom-font u-font-open-sans u-text u-text-2\"> Terapevtska in energijska podpora posameznikom, da skozi proces osebne rasti odkrijejo lastne potenciale in iz njih za\u017eivijo sre\u010dno in izpolnjeno \u017eivljenje.<\/p>\n        <div class=\"custom-expanded u-list u-list-1\">\n          <div class=\"u-repeater u-repeater-1\">\n            <div class=\"u-container-style u-list-item u-radius u-repeater-item u-shape-round u-white u-list-item-1\" data-animation-name=\"customAnimationIn\" data-animation-duration=\"1500\" data-animation-delay=\"500\" data-href=\"https:\/\/vikarah.si\/index.php\/terapije\/\">\n              <div class=\"u-container-layout u-similar-container u-valign-top u-container-layout-1\"><span class=\"u-align-left u-file-icon u-icon u-icon-1\"><img decoding=\"async\" src=\"https:\/\/vikarah.si\/wp-content\/uploads\/2025\/12\/metuljek2.png\" alt=\"\"><\/span>\n                <h4 class=\"u-align-center u-custom-font u-font-open-sans u-text u-text-3\"> Transpersonalna kognitivna terapija (TCT\u00ae)<\/h4>\n              <\/div>\n            <\/div>\n            <div class=\"u-container-style u-list-item u-radius u-repeater-item u-shape-round u-video-cover u-white u-list-item-2\" data-animation-name=\"customAnimationIn\" data-animation-duration=\"1500\" data-animation-delay=\"500\" data-href=\"https:\/\/vikarah.si\/index.php\/reiki-3\/\">\n              <div class=\"u-container-layout u-similar-container u-valign-top u-container-layout-2\"><span class=\"u-align-left u-file-icon u-icon u-icon-2\"><img decoding=\"async\" src=\"https:\/\/vikarah.si\/wp-content\/uploads\/2025\/12\/reiki-1.jpg\" alt=\"\"><\/span>\n                <h4 class=\"u-align-center u-custom-font u-font-open-sans u-text u-text-4\"> Reiki tretma<br>(Univerzalna \u017eivljenjska energija)\n                <\/h4>\n              <\/div>\n            <\/div>\n          <\/div>\n        <\/div>\n      <\/div>\n    <\/section>\n    <section class=\"u-clearfix u-gradient u-section-4\" id=\"block-3\">\n      <div class=\"u-clearfix u-sheet u-valign-middle-lg u-valign-middle-md u-valign-middle-sm u-sheet-1\">\n        <img decoding=\"async\" class=\"u-border-2 u-border-grey-60 u-image u-image-default u-image-1\" src=\"https:\/\/vikarah.si\/wp-content\/uploads\/2026\/01\/Helena_Ugrin-005-2-scaled.jpg\" alt=\"\" data-image-width=\"2048\" data-image-height=\"3072\">\n        <p class=\"u-align-center u-custom-font u-font-open-sans u-text u-text-1\"> \"Celovitost je potovanje, na katerem skozi ljubezen do sebe in sprejemanje nenehno cvetimo. Skupaj bova odstirala pot va\u0161i avtenti\u010dnosti, da  le-ta postane tiha mo\u010d, ki bo ne\u017eno plemenitila va\u0161 svet in vse okoli vas.\"<\/p>\n        <p class=\"u-align-center u-custom-font u-font-open-sans u-text u-text-2\">Helena Ugrin<\/p>\n        <a href=\"https:\/\/vikarah.si\/index.php\/o-meni\/\" class=\"u-border-2 u-border-grey-60 u-border-hover-grey-60 u-btn u-btn-round u-button-style u-custom-font u-font-open-sans u-grey-5 u-hover-palette-1-light-1 u-radius u-btn-1\">o meni<\/a>\n      <\/div>\n    <\/section>\n    \n    \n    \n    \n  \n<\/div>","protected":false},"excerpt":{"rendered":"<p>Helena Ugrin Terapevtska in energijska podpora posameznikom, da skozi proces osebne rasti odkrijejo lastne potenciale in iz njih za\u017eivijo sre\u010dno in izpolnjeno \u017eivljenje. Transpersonalna kognitivna terapija (TCT\u00ae) Reiki tretma(Univerzalna \u017eivljenjska energija) &#8220;Celovitost je potovanje, na katerem skozi ljubezen do sebe in sprejemanje nenehno cvetimo. Skupaj bova odstirala pot va\u0161i avtenti\u010dnosti, da le-ta postane tiha mo\u010d, [&hellip;]<\/p>\n","protected":false},"author":1,"featured_media":0,"parent":0,"menu_order":0,"comment_status":"closed","ping_status":"closed","template":"","meta":{"footnotes":""},"class_list":["post-20","page","type-page","status-publish","hentry"],"_links":{"self":[{"href":"https:\/\/vikarah.si\/index.php\/wp-json\/wp\/v2\/pages\/20","targetHints":{"allow":["GET"]}}],"collection":[{"href":"https:\/\/vikarah.si\/index.php\/wp-json\/wp\/v2\/pages"}],"about":[{"href":"https:\/\/vikarah.si\/index.php\/wp-json\/wp\/v2\/types\/page"}],"author":[{"embeddable":true,"href":"https:\/\/vikarah.si\/index.php\/wp-json\/wp\/v2\/users\/1"}],"replies":[{"embeddable":true,"href":"https:\/\/vikarah.si\/index.php\/wp-json\/wp\/v2\/comments?post=20"}],"version-history":[{"count":12,"href":"https:\/\/vikarah.si\/index.php\/wp-json\/wp\/v2\/pages\/20\/revisions"}],"predecessor-version":[{"id":266,"href":"https:\/\/vikarah.si\/index.php\/wp-json\/wp\/v2\/pages\/20\/revisions\/266"}],"wp:attachment":[{"href":"https:\/\/vikarah.si\/index.php\/wp-json\/wp\/v2\/media?parent=20"}],"curies":[{"name":"wp","href":"https:\/\/api.w.org\/{rel}","templated":true}]}}